{"id":5953,"date":"2024-01-09T20:39:09","date_gmt":"2024-01-09T20:39:09","guid":{"rendered":"https:\/\/zola-cosmetics.com\/product\/zola-x-taya-makarenko-zahisnij-krem-save-skin-15-ml\/"},"modified":"2026-01-20T19:04:39","modified_gmt":"2026-01-20T19:04:39","slug":"zola-x-taya-makarenko-zahisnij-krem-save-skin-15-ml","status":"publish","type":"product","link":"https:\/\/zola-cosmetics.com\/pl\/produkt\/zola-x-taya-makarenko-zahisnij-krem-save-skin-15-ml\/","title":{"rendered":"ZOLA x Taya Makarenko Krem ochronny Save Skin 15 ml."},"content":{"rendered":"<p>Zola Save Skin to wielofunkcyjny produkt ochronny do sk\u00f3ry, brwi i rz\u0119s, zaprojektowany w celu zapewnienia pe\u0142nej piel\u0119gnacji i komfortu podczas zabieg\u00f3w kosmetycznych. Wzbogacony naturalnymi sk\u0142adnikami (olej migda\u0142owy, olej rycynowy, witamina E, ekstrakty CO2 z rumianku i rozmarynu), chroni, od\u017cywia i nawil\u017ca sk\u00f3r\u0119, utrzymuj\u0105c j\u0105 zdrow\u0105 i zadban\u0105. <\/p>\n<p><strong>4 sposoby u\u017cycia w jednym produkcie:<\/strong><\/p>\n<ul>\n<li>ekspresowa ochrona przed rozja\u015bnieniem i laminowaniem;<\/li>\n<li>kuracja lokalna zapobiegaj\u0105ca powstawaniu przebarwie\u0144 na niepo\u017c\u0105danych obszarach sk\u00f3ry;<\/li>\n<li>ochrona po zabiegach kosmetycznych;<\/li>\n<li>kuracja lokalna zapobiegaj\u0105ca powstawaniu przebarwie\u0144 na niepo\u017c\u0105danych obszarach sk\u00f3.<\/li>\n<\/ul>\n<p>Termin wa\u017cno\u015bci: 24 miesi\u0105ce.<\/p>\n","protected":false},"excerpt":{"rendered":"<p>Zola Save Skin to wielofunkcyjny produkt ochronny do sk\u00f3ry, brwi i rz\u0119s, zaprojektowany w celu zapewnienia pe\u0142nej piel\u0119gnacji i komfortu&#8230;<\/p>\n","protected":false},"featured_media":7822,"template":"","meta":[],"etheme_brands":[],"product_cat":[126,134],"product_tag":[],"aioseo_notices":[],"_links":{"self":[{"href":"https:\/\/zola-cosmetics.com\/pl\/wp-json\/wp\/v2\/product\/5953"}],"collection":[{"href":"https:\/\/zola-cosmetics.com\/pl\/wp-json\/wp\/v2\/product"}],"about":[{"href":"https:\/\/zola-cosmetics.com\/pl\/wp-json\/wp\/v2\/types\/product"}],"version-history":[{"count":1,"href":"https:\/\/zola-cosmetics.com\/pl\/wp-json\/wp\/v2\/product\/5953\/revisions"}],"predecessor-version":[{"id":8410,"href":"https:\/\/zola-cosmetics.com\/pl\/wp-json\/wp\/v2\/product\/5953\/revisions\/8410"}],"wp:featuredmedia":[{"embeddable":true,"href":"https:\/\/zola-cosmetics.com\/pl\/wp-json\/wp\/v2\/media\/7822"}],"wp:attachment":[{"href":"https:\/\/zola-cosmetics.com\/pl\/wp-json\/wp\/v2\/media?parent=5953"}],"wp:term":[{"taxonomy":"brand","embeddable":true,"href":"https:\/\/zola-cosmetics.com\/pl\/wp-json\/wp\/v2\/etheme_brands?post=5953"},{"taxonomy":"product_cat","embeddable":true,"href":"https:\/\/zola-cosmetics.com\/pl\/wp-json\/wp\/v2\/product_cat?post=5953"},{"taxonomy":"product_tag","embeddable":true,"href":"https:\/\/zola-cosmetics.com\/pl\/wp-json\/wp\/v2\/product_tag?post=5953"}],"curies":[{"name":"wp","href":"https:\/\/api.w.org\/{rel}","templated":true}]}}