{"id":5950,"date":"2024-01-09T20:39:09","date_gmt":"2024-01-09T20:39:09","guid":{"rendered":"https:\/\/zola-cosmetics.com\/product\/zola-powder-brow-pencil-dark-brown\/"},"modified":"2025-10-16T15:40:52","modified_gmt":"2025-10-16T15:40:52","slug":"zola-powder-brow-pencil-dark-brown","status":"publish","type":"product","link":"https:\/\/zola-cosmetics.com\/pl\/produkt\/zola-powder-brow-pencil-dark-brown\/","title":{"rendered":"ZOLA Kredka do Brwi w Pudrze Ciemnobr\u0105zowa"},"content":{"rendered":"<p>Mi\u0119kka konsystencja umo\u017cliwia \u0142atwe nak\u0142adanie. O\u0142\u00f3wek nie rozmazuje si\u0119, r\u00f3wnomiernie pokrywa brwi i delikatnie wype\u0142nia je kolorem, daj\u0105c najbardziej naturalny efekt. O\u0142\u00f3wki s\u0105 dost\u0119pne w 4 odcieniach: \u2800 &bull; Blonde &#8211; idealny dla blondynek i dziewczyn o jasnych w\u0142osach. &bull; Taupe brown &#8211; jasnobr\u0105zowy, pasuje prawie ka\u017cdemu. &bull; Caramel brown &#8211; br\u0105z z odrobin\u0105 ciep\u0142a, nieco ciemniejszy i cieplejszy ni\u017c Taupe &#8211; do\u015b\u0107 uniwersalny. &bull; Dark brown &#8211; idealny dla brunetek i do zaznaczania kontur\u00f3w. Spos\u00f3b u\u017cycia: przeczesz brwi, zacznij malowa\u0107 od nasady mostka nosa, rysuj lekkie kreseczki, ko\u0144cz\u0105c na ko\u0144c\u00f3wce brwi, post\u0119puj\u0105c zgodnie z kierunkiem wzrostu w\u0142os\u00f3w.<\/p>\n","protected":false},"excerpt":{"rendered":"<p>Mi\u0119kka konsystencja umo\u017cliwia \u0142atwe nak\u0142adanie. O\u0142\u00f3wek nie rozmazuje si\u0119, r\u00f3wnomiernie pokrywa brwi i delikatnie wype\u0142nia je kolorem, daj\u0105c najbardziej naturalny&#8230;<\/p>\n","protected":false},"featured_media":4826,"template":"","meta":[],"etheme_brands":[],"product_cat":[126,130],"product_tag":[197],"aioseo_notices":[],"_links":{"self":[{"href":"https:\/\/zola-cosmetics.com\/pl\/wp-json\/wp\/v2\/product\/5950"}],"collection":[{"href":"https:\/\/zola-cosmetics.com\/pl\/wp-json\/wp\/v2\/product"}],"about":[{"href":"https:\/\/zola-cosmetics.com\/pl\/wp-json\/wp\/v2\/types\/product"}],"version-history":[{"count":1,"href":"https:\/\/zola-cosmetics.com\/pl\/wp-json\/wp\/v2\/product\/5950\/revisions"}],"predecessor-version":[{"id":6318,"href":"https:\/\/zola-cosmetics.com\/pl\/wp-json\/wp\/v2\/product\/5950\/revisions\/6318"}],"wp:featuredmedia":[{"embeddable":true,"href":"https:\/\/zola-cosmetics.com\/pl\/wp-json\/wp\/v2\/media\/4826"}],"wp:attachment":[{"href":"https:\/\/zola-cosmetics.com\/pl\/wp-json\/wp\/v2\/media?parent=5950"}],"wp:term":[{"taxonomy":"brand","embeddable":true,"href":"https:\/\/zola-cosmetics.com\/pl\/wp-json\/wp\/v2\/etheme_brands?post=5950"},{"taxonomy":"product_cat","embeddable":true,"href":"https:\/\/zola-cosmetics.com\/pl\/wp-json\/wp\/v2\/product_cat?post=5950"},{"taxonomy":"product_tag","embeddable":true,"href":"https:\/\/zola-cosmetics.com\/pl\/wp-json\/wp\/v2\/product_tag?post=5950"}],"curies":[{"name":"wp","href":"https:\/\/api.w.org\/{rel}","templated":true}]}}