{"id":5948,"date":"2024-01-09T20:39:09","date_gmt":"2024-01-09T20:39:09","guid":{"rendered":"https:\/\/zola-cosmetics.com\/product\/zola-brow-gel-keratin-brow-gel-strong-fix-nourishing\/"},"modified":"2026-03-15T10:03:04","modified_gmt":"2026-03-15T10:03:04","slug":"zola-brow-gel-keratin-brow-gel-strong-fix-nourishing","status":"publish","type":"product","link":"https:\/\/zola-cosmetics.com\/pl\/produkt\/zola-brow-gel-keratin-brow-gel-strong-fix-nourishing\/","title":{"rendered":"ZOLA \u017bel do Brwi Keratynowy Strong Fix + Od\u017cywczy"},"content":{"rendered":"<p><span style=\"font-size:12px\"><span style=\"font-family:Tahoma,Geneva,sans-serif\"><big><span style=\"color:#000000\"><strong>\u017bel do brwi Zola Keratin<\/strong> jest niezb\u0119dnym towarzyszem w piel\u0119gnacji brwi i tworzeniu unikalnych stylizacji!<br \/>\nPowiedz niepos\u0142usznym w\u0142oskom, teraz Twoje brwi zawsze b\u0119d\u0105 mia\u0142y idealny kszta\u0142t w zaledwie kilka sekund!<\/span><\/big><\/span><\/span><\/p>\n<p><span style=\"font-size:12px\"><span style=\"font-family:Tahoma,Geneva,sans-serif\"><big><strong><span style=\"color:#000000\">5 korzy\u015bci w jednym produkcie!<\/span><\/strong><\/big><\/span><\/span><\/p>\n<ol>\n<li><span style=\"font-size:12px\"><span style=\"font-family:Tahoma,Geneva,sans-serif\"><big><strong>Perfekcyjna Fiksacja:<\/strong> \u017bel zapewnia idealn\u0105 fiksacj\u0119 brwi przez ca\u0142y dzie\u0144, utrzymuj\u0105c je w po\u017c\u0105danym kszta\u0142cie bez uczucia lepko\u015bci czy ci\u0119\u017cko\u015bci.<\/big><\/span><\/span><\/li>\n<li><span style=\"font-size:12px\"><span style=\"font-family:Tahoma,Geneva,sans-serif\"><big><span style=\"color:#000000\"><strong>Wzbogacenie o Keratyn\u0119:<\/strong> Nas\u0105czony keratyn\u0105, \u017cel wzbogaca struktur\u0119 w\u0142os\u00f3w brwiowych, nadaj\u0105c im zdrowy po\u0142ysk i elastyczno\u015b\u0107.<\/span><\/big><\/span><\/span><\/li>\n<li><span style=\"font-size:12px\"><span style=\"font-family:Tahoma,Geneva,sans-serif\"><big><span style=\"color:#000000\"><strong>Lekka Konsystencja:<\/strong> \u017bel ma delikatn\u0105 tekstur\u0119, kt\u00f3ra \u0142atwo si\u0119 aplikuje, nie pozostawiaj\u0105c bia\u0142ych resztek i czuje si\u0119 lekko i bezw\u0142adnie na sk\u00f3rze.<\/span><\/big><\/span><\/span><\/li>\n<li><span style=\"font-size:12px\"><span style=\"font-family:Tahoma,Geneva,sans-serif\"><big><span style=\"color:#000000\"><strong>Uniwersalne Zastosowanie:<\/strong> Od codziennego makija\u017cu po wieczorowe stylizacje, ten \u017cel mo\u017ce by\u0107 u\u017cywany w dowolnym czasie, aby stworzy\u0107 r\u00f3\u017cnorodne style.<\/span><\/big><\/span><\/span><\/li>\n<li><span style=\"font-size:12px\"><span style=\"font-family:Tahoma,Geneva,sans-serif\"><big><span style=\"color:#000000\"><strong>Bezpiecze\u0144stwo i Skuteczno\u015b\u0107:<\/strong> Formu\u0142a \u017celu jest bezpieczna w u\u017cyciu i zapewnia skuteczn\u0105 fiksacj\u0119 bez negatywnego wp\u0142ywu na w\u0142osy brwi.<\/span><\/big><\/span><\/span><\/li>\n<\/ol>\n<p><span style=\"font-size:12px\"><span style=\"font-family:Tahoma,Geneva,sans-serif\"><big><span style=\"color:#000000\">\u017bel do brwi Zola Keratin &#8211; utrwalaj pi\u0119kno bez wysi\u0142ku!<\/span><\/big><\/span><\/span><\/p>\n","protected":false},"excerpt":{"rendered":"<p>\u017bel do brwi Zola Keratin jest niezb\u0119dnym towarzyszem w piel\u0119gnacji brwi i tworzeniu unikalnych stylizacji! Powiedz niepos\u0142usznym w\u0142oskom, teraz Twoje&#8230;<\/p>\n","protected":false},"featured_media":4830,"template":"","meta":[],"etheme_brands":[],"product_cat":[129],"product_tag":[],"aioseo_notices":[],"_links":{"self":[{"href":"https:\/\/zola-cosmetics.com\/pl\/wp-json\/wp\/v2\/product\/5948"}],"collection":[{"href":"https:\/\/zola-cosmetics.com\/pl\/wp-json\/wp\/v2\/product"}],"about":[{"href":"https:\/\/zola-cosmetics.com\/pl\/wp-json\/wp\/v2\/types\/product"}],"version-history":[{"count":1,"href":"https:\/\/zola-cosmetics.com\/pl\/wp-json\/wp\/v2\/product\/5948\/revisions"}],"predecessor-version":[{"id":6322,"href":"https:\/\/zola-cosmetics.com\/pl\/wp-json\/wp\/v2\/product\/5948\/revisions\/6322"}],"wp:featuredmedia":[{"embeddable":true,"href":"https:\/\/zola-cosmetics.com\/pl\/wp-json\/wp\/v2\/media\/4830"}],"wp:attachment":[{"href":"https:\/\/zola-cosmetics.com\/pl\/wp-json\/wp\/v2\/media?parent=5948"}],"wp:term":[{"taxonomy":"brand","embeddable":true,"href":"https:\/\/zola-cosmetics.com\/pl\/wp-json\/wp\/v2\/etheme_brands?post=5948"},{"taxonomy":"product_cat","embeddable":true,"href":"https:\/\/zola-cosmetics.com\/pl\/wp-json\/wp\/v2\/product_cat?post=5948"},{"taxonomy":"product_tag","embeddable":true,"href":"https:\/\/zola-cosmetics.com\/pl\/wp-json\/wp\/v2\/product_tag?post=5948"}],"curies":[{"name":"wp","href":"https:\/\/api.w.org\/{rel}","templated":true}]}}