{"id":5942,"date":"2024-01-09T20:39:10","date_gmt":"2024-01-09T20:39:10","guid":{"rendered":"https:\/\/zola-cosmetics.com\/product\/zola-super-soft-pink-and-white-droplet-sponge\/"},"modified":"2025-12-19T17:52:07","modified_gmt":"2025-12-19T17:52:07","slug":"zola-super-soft-pink-and-white-droplet-sponge","status":"publish","type":"product","link":"https:\/\/zola-cosmetics.com\/pl\/produkt\/zola-super-soft-pink-and-white-droplet-sponge\/","title":{"rendered":"ZOLA Bardzo mi\u0119kka g\u0105bka w kszta\u0142cie kropli R\u00f3\u017cowo-Bia\u0142a"},"content":{"rendered":"<p>Mi\u0119kka g\u0105bka w kszta\u0142cie kropli jest wykonana z wysokiej jako\u015bci lateksu, kt\u00f3ry jest hipoalergiczny, wytrzyma\u0142y i d\u0142ugotrwa\u0142y. Dzi\u0119ki szerokiej stronie mo\u017cesz \u0142atwo rozprowadzi\u0107 podk\u0142ad na ca\u0142ej powierzchni twarzy, a dzi\u0119ki spiczastemu ko\u0144cowi mo\u017cesz pracowa\u0107 na mniejszych obszarach.<\/p>\n","protected":false},"excerpt":{"rendered":"<p>Mi\u0119kka g\u0105bka w kszta\u0142cie kropli jest wykonana z wysokiej jako\u015bci lateksu, kt\u00f3ry jest hipoalergiczny, wytrzyma\u0142y i d\u0142ugotrwa\u0142y. Dzi\u0119ki szerokiej stronie&#8230;<\/p>\n","protected":false},"featured_media":4842,"template":"","meta":[],"etheme_brands":[],"product_cat":[147,141],"product_tag":[],"aioseo_notices":[],"_links":{"self":[{"href":"https:\/\/zola-cosmetics.com\/pl\/wp-json\/wp\/v2\/product\/5942"}],"collection":[{"href":"https:\/\/zola-cosmetics.com\/pl\/wp-json\/wp\/v2\/product"}],"about":[{"href":"https:\/\/zola-cosmetics.com\/pl\/wp-json\/wp\/v2\/types\/product"}],"version-history":[{"count":1,"href":"https:\/\/zola-cosmetics.com\/pl\/wp-json\/wp\/v2\/product\/5942\/revisions"}],"predecessor-version":[{"id":6375,"href":"https:\/\/zola-cosmetics.com\/pl\/wp-json\/wp\/v2\/product\/5942\/revisions\/6375"}],"wp:featuredmedia":[{"embeddable":true,"href":"https:\/\/zola-cosmetics.com\/pl\/wp-json\/wp\/v2\/media\/4842"}],"wp:attachment":[{"href":"https:\/\/zola-cosmetics.com\/pl\/wp-json\/wp\/v2\/media?parent=5942"}],"wp:term":[{"taxonomy":"brand","embeddable":true,"href":"https:\/\/zola-cosmetics.com\/pl\/wp-json\/wp\/v2\/etheme_brands?post=5942"},{"taxonomy":"product_cat","embeddable":true,"href":"https:\/\/zola-cosmetics.com\/pl\/wp-json\/wp\/v2\/product_cat?post=5942"},{"taxonomy":"product_tag","embeddable":true,"href":"https:\/\/zola-cosmetics.com\/pl\/wp-json\/wp\/v2\/product_tag?post=5942"}],"curies":[{"name":"wp","href":"https:\/\/api.w.org\/{rel}","templated":true}]}}