{"id":5941,"date":"2024-01-09T20:39:10","date_gmt":"2024-01-09T20:39:10","guid":{"rendered":"https:\/\/zola-cosmetics.com\/product\/zola-super-soft-raspberry-pink-droplet-sponge\/"},"modified":"2026-02-16T13:23:09","modified_gmt":"2026-02-16T13:23:09","slug":"zola-super-soft-raspberry-pink-droplet-sponge","status":"publish","type":"product","link":"https:\/\/zola-cosmetics.com\/pl\/produkt\/zola-super-soft-raspberry-pink-droplet-sponge\/","title":{"rendered":"ZOLA Bardzo mi\u0119kka g\u0105bka w kszta\u0142cie kropli Malinowo-R\u00f3\u017cowa"},"content":{"rendered":"<p>Mi\u0119kka g\u0105bka w kszta\u0142cie kropli jest wykonana z wysokiej jako\u015bci lateksu, kt\u00f3ry jest hipoalergiczny, wytrzyma\u0142y i d\u0142ugotrwa\u0142y. Dzi\u0119ki szerokiej stronie mo\u017cesz \u0142atwo rozprowadzi\u0107 podk\u0142ad na ca\u0142ej powierzchni twarzy, a dzi\u0119ki spiczastemu ko\u0144cowi mo\u017cesz pracowa\u0107 na mniejszych obszarach.<\/p>\n","protected":false},"excerpt":{"rendered":"<p>Mi\u0119kka g\u0105bka w kszta\u0142cie kropli jest wykonana z wysokiej jako\u015bci lateksu, kt\u00f3ry jest hipoalergiczny, wytrzyma\u0142y i d\u0142ugotrwa\u0142y. Dzi\u0119ki szerokiej stronie&#8230;<\/p>\n","protected":false},"featured_media":4844,"template":"","meta":[],"etheme_brands":[],"product_cat":[147,141],"product_tag":[],"aioseo_notices":[],"_links":{"self":[{"href":"https:\/\/zola-cosmetics.com\/pl\/wp-json\/wp\/v2\/product\/5941"}],"collection":[{"href":"https:\/\/zola-cosmetics.com\/pl\/wp-json\/wp\/v2\/product"}],"about":[{"href":"https:\/\/zola-cosmetics.com\/pl\/wp-json\/wp\/v2\/types\/product"}],"version-history":[{"count":1,"href":"https:\/\/zola-cosmetics.com\/pl\/wp-json\/wp\/v2\/product\/5941\/revisions"}],"predecessor-version":[{"id":6376,"href":"https:\/\/zola-cosmetics.com\/pl\/wp-json\/wp\/v2\/product\/5941\/revisions\/6376"}],"wp:featuredmedia":[{"embeddable":true,"href":"https:\/\/zola-cosmetics.com\/pl\/wp-json\/wp\/v2\/media\/4844"}],"wp:attachment":[{"href":"https:\/\/zola-cosmetics.com\/pl\/wp-json\/wp\/v2\/media?parent=5941"}],"wp:term":[{"taxonomy":"brand","embeddable":true,"href":"https:\/\/zola-cosmetics.com\/pl\/wp-json\/wp\/v2\/etheme_brands?post=5941"},{"taxonomy":"product_cat","embeddable":true,"href":"https:\/\/zola-cosmetics.com\/pl\/wp-json\/wp\/v2\/product_cat?post=5941"},{"taxonomy":"product_tag","embeddable":true,"href":"https:\/\/zola-cosmetics.com\/pl\/wp-json\/wp\/v2\/product_tag?post=5941"}],"curies":[{"name":"wp","href":"https:\/\/api.w.org\/{rel}","templated":true}]}}