{"id":5939,"date":"2024-01-09T20:39:10","date_gmt":"2024-01-09T20:39:10","guid":{"rendered":"https:\/\/zola-cosmetics.com\/product\/zola-primer-oil-30-ml\/"},"modified":"2025-07-26T08:27:47","modified_gmt":"2025-07-26T08:27:47","slug":"zola-primer-oil-30-ml","status":"publish","type":"product","link":"https:\/\/zola-cosmetics.com\/pl\/produkt\/zola-primer-oil-30-ml\/","title":{"rendered":"ZOLA Olejek bazowy 30 ml"},"content":{"rendered":"<p>ZOLA Primer Oil jest zalecany do stosowania przed na\u0142o\u017ceniem makija\u017cu oraz jako produkt piel\u0119gnacyjny na co dzie\u0144 dla sk\u00f3ry normalnej do suchej.<\/p>\n<p>Olej szybko si\u0119 wch\u0142ania, nie pozostawiaj\u0105c t\u0142ustego uczucia na sk\u00f3rze.<\/p>\n<p>Zawiera olej jojoba, kameliowy i rozmarynowy, kt\u00f3re pomagaj\u0105 wyg\u0142adzi\u0107 drobne zmarszczki, a aktywne aminokwasy od\u017cywiaj\u0105 i nawil\u017caj\u0105 sk\u00f3r\u0119.<\/p>\n<p>Regularne stosowanie r\u00f3wnomiernie koryguje koloryt sk\u00f3ry i zmi\u0119kcza j\u0105 przed na\u0142o\u017ceniem podk\u0142adu.<\/p>\n<p>Spos\u00f3b u\u017cycia: Nanie\u015b kilka kropli oleju i rozprowad\u017a r\u00f3wnomiernie na powierzchni sk\u00f3ry palcami lub p\u0119dzlem.<\/p>\n<p>Pojemno\u015b\u0107: 30 ml.<\/p>\n","protected":false},"excerpt":{"rendered":"<p>ZOLA Primer Oil jest zalecany do stosowania przed na\u0142o\u017ceniem makija\u017cu oraz jako produkt piel\u0119gnacyjny na co dzie\u0144 dla sk\u00f3ry normalnej&#8230;<\/p>\n","protected":false},"featured_media":4850,"template":"","meta":[],"etheme_brands":[],"product_cat":[145,141],"product_tag":[],"aioseo_notices":[],"_links":{"self":[{"href":"https:\/\/zola-cosmetics.com\/pl\/wp-json\/wp\/v2\/product\/5939"}],"collection":[{"href":"https:\/\/zola-cosmetics.com\/pl\/wp-json\/wp\/v2\/product"}],"about":[{"href":"https:\/\/zola-cosmetics.com\/pl\/wp-json\/wp\/v2\/types\/product"}],"version-history":[{"count":1,"href":"https:\/\/zola-cosmetics.com\/pl\/wp-json\/wp\/v2\/product\/5939\/revisions"}],"predecessor-version":[{"id":6378,"href":"https:\/\/zola-cosmetics.com\/pl\/wp-json\/wp\/v2\/product\/5939\/revisions\/6378"}],"wp:featuredmedia":[{"embeddable":true,"href":"https:\/\/zola-cosmetics.com\/pl\/wp-json\/wp\/v2\/media\/4850"}],"wp:attachment":[{"href":"https:\/\/zola-cosmetics.com\/pl\/wp-json\/wp\/v2\/media?parent=5939"}],"wp:term":[{"taxonomy":"brand","embeddable":true,"href":"https:\/\/zola-cosmetics.com\/pl\/wp-json\/wp\/v2\/etheme_brands?post=5939"},{"taxonomy":"product_cat","embeddable":true,"href":"https:\/\/zola-cosmetics.com\/pl\/wp-json\/wp\/v2\/product_cat?post=5939"},{"taxonomy":"product_tag","embeddable":true,"href":"https:\/\/zola-cosmetics.com\/pl\/wp-json\/wp\/v2\/product_tag?post=5939"}],"curies":[{"name":"wp","href":"https:\/\/api.w.org\/{rel}","templated":true}]}}