{"id":5938,"date":"2024-01-09T20:39:10","date_gmt":"2024-01-09T20:39:10","guid":{"rendered":"https:\/\/zola-cosmetics.com\/product\/zola-brow-soap-for-fixing-hairs-mini-version-25-gr\/"},"modified":"2026-03-01T17:24:43","modified_gmt":"2026-03-01T17:24:43","slug":"zola-brow-soap-for-fixing-hairs-mini-version-25-gr","status":"publish","type":"product","link":"https:\/\/zola-cosmetics.com\/pl\/produkt\/zola-brow-soap-for-fixing-hairs-mini-version-25-gr\/","title":{"rendered":"ZOLA Myd\u0142o do Brwi do Utrwalania W\u0142os\u00f3w (wersja mini) 25 gr."},"content":{"rendered":"<p>ZOLA Brow Soap to innowacyjny produkt do kreowania idealnych brwi. Dzi\u0119ki temu narz\u0119dziu \u0142atwo stworzysz modne, lekkie brwi lub po prostu u\u0142o\u017cysz w\u0142oski w po\u017c\u0105danym kierunku wzrostu. Nasz produkt nie jest testowany na zwierz\u0119tach i nie zawiera paraben\u00f3w ani SLS.<\/p>\n<p>Spos\u00f3b u\u017cycia: Na\u0142\u00f3\u017c myd\u0142o na obszar brwi, aby utrwali\u0107 w\u0142oski. Czeszemy brwi myd\u0142em w kierunku, kt\u00f3rego potrzebujesz.<\/p>\n<p>Sk\u0142adniki: Aqua, Gliceryna, Aloes, Stearynian Sodu, Glikol Propylenowy, Sorbitol Sodu, Lauran Sodu, Lauret Siarczan Sodu, Siarczan Sodu Disodowego Laurylosukcynian, Chlorek Sodu, Kwas Stearynowy, Kwas Laurynowy, Pentasodium Pentetate, Tetrasodium Etidronate, brokat, barwniki.<\/p>\n","protected":false},"excerpt":{"rendered":"<p>ZOLA Brow Soap to innowacyjny produkt do kreowania idealnych brwi. Dzi\u0119ki temu narz\u0119dziu \u0142atwo stworzysz modne, lekkie brwi lub po&#8230;<\/p>\n","protected":false},"featured_media":4852,"template":"","meta":[],"etheme_brands":[],"product_cat":[94,115],"product_tag":[195],"aioseo_notices":[],"_links":{"self":[{"href":"https:\/\/zola-cosmetics.com\/pl\/wp-json\/wp\/v2\/product\/5938"}],"collection":[{"href":"https:\/\/zola-cosmetics.com\/pl\/wp-json\/wp\/v2\/product"}],"about":[{"href":"https:\/\/zola-cosmetics.com\/pl\/wp-json\/wp\/v2\/types\/product"}],"version-history":[{"count":1,"href":"https:\/\/zola-cosmetics.com\/pl\/wp-json\/wp\/v2\/product\/5938\/revisions"}],"predecessor-version":[{"id":6379,"href":"https:\/\/zola-cosmetics.com\/pl\/wp-json\/wp\/v2\/product\/5938\/revisions\/6379"}],"wp:featuredmedia":[{"embeddable":true,"href":"https:\/\/zola-cosmetics.com\/pl\/wp-json\/wp\/v2\/media\/4852"}],"wp:attachment":[{"href":"https:\/\/zola-cosmetics.com\/pl\/wp-json\/wp\/v2\/media?parent=5938"}],"wp:term":[{"taxonomy":"brand","embeddable":true,"href":"https:\/\/zola-cosmetics.com\/pl\/wp-json\/wp\/v2\/etheme_brands?post=5938"},{"taxonomy":"product_cat","embeddable":true,"href":"https:\/\/zola-cosmetics.com\/pl\/wp-json\/wp\/v2\/product_cat?post=5938"},{"taxonomy":"product_tag","embeddable":true,"href":"https:\/\/zola-cosmetics.com\/pl\/wp-json\/wp\/v2\/product_tag?post=5938"}],"curies":[{"name":"wp","href":"https:\/\/api.w.org\/{rel}","templated":true}]}}