{"id":5935,"date":"2024-06-06T09:04:22","date_gmt":"2024-06-06T09:04:22","guid":{"rendered":"https:\/\/zola-cosmetics.com\/product\/zola-eye-wax-pencil-black\/"},"modified":"2025-07-26T08:27:46","modified_gmt":"2025-07-26T08:27:46","slug":"zola-eye-wax-pencil-black","status":"publish","type":"product","link":"https:\/\/zola-cosmetics.com\/pl\/produkt\/zola-eye-wax-pencil-black\/","title":{"rendered":"ZOLA Kredka do oczu z woskiem (Czarna)"},"content":{"rendered":"<p>&nbsp;<\/p>\n<p>MUST-HAVE O\u0142\u00f3wki do brwi Zola &#8211; Trio dla doskona\u0142ego makija\u017cu oka i brwi<br \/>\nWelwetowa, woskowa tekstura doskonale nadaje si\u0119 do technik cieniowania strza\u0142ek!<br \/>\n6 sposob\u00f3w u\u017cycia:<\/p>\n<ul>\n<li>Tworzenie efektu Smokey Eyes<\/li>\n<li>Baza pod cie\u0144 do powiek<\/li>\n<li>Cieniowane strza\u0142ki<\/li>\n<li>Podkre\u015blenie linii wodnej<\/li>\n<li>Efekt roz\u015bwietlenia<\/li>\n<li>Zast\u0105pienie korektora pod brwiami<\/li>\n<\/ul>\n<p><strong>Klasyczny precyzyjny eyeliner w kolorze czarnym:<\/strong> Nasycenie, kt\u00f3re zachwyca! Dodaj niezast\u0105piony klasyczny element do swojej kolekcji kosmetyk\u00f3w i otw\u00f3rz niesko\u0144czone mo\u017cliwo\u015bci tworzenia niezapomnianych look\u00f3w!<\/p>\n<p><strong>Klasyczny precyzyjny eyeliner w kolorze br\u0105zowym:<\/strong> Naturalne pi\u0119kno z wyrafinowaniem! Wybierz ciep\u0142y br\u0105zowy odcie\u0144, kt\u00f3ry jest szczeg\u00f3lnie idealny do codziennego makija\u017cu i rozmytej linii rz\u0119s dzi\u0119ki idealnej mascarze. O\u0142\u00f3wek korektora Zola: Perfekcja w ka\u017cdej linii!<\/p>\n<p><strong>O\u0142\u00f3wek korektora Zola <\/strong>&#8211; rozja\u015bnia, podkre\u015bla i zast\u0119puje korektor pod brwiami!<\/p>\n<p>Eksperymentuj ze stylowymi klasykami pozostaj\u0105c w trendzie z Zola!<\/p>\n<p>&nbsp;<\/p>\n","protected":false},"excerpt":{"rendered":"<p>&nbsp; MUST-HAVE O\u0142\u00f3wki do brwi Zola &#8211; Trio dla doskona\u0142ego makija\u017cu oka i brwi Welwetowa, woskowa tekstura doskonale nadaje si\u0119&#8230;<\/p>\n","protected":false},"featured_media":5827,"template":"","meta":[],"etheme_brands":[],"product_cat":[177,141],"product_tag":[],"aioseo_notices":[],"_links":{"self":[{"href":"https:\/\/zola-cosmetics.com\/pl\/wp-json\/wp\/v2\/product\/5935"}],"collection":[{"href":"https:\/\/zola-cosmetics.com\/pl\/wp-json\/wp\/v2\/product"}],"about":[{"href":"https:\/\/zola-cosmetics.com\/pl\/wp-json\/wp\/v2\/types\/product"}],"version-history":[{"count":1,"href":"https:\/\/zola-cosmetics.com\/pl\/wp-json\/wp\/v2\/product\/5935\/revisions"}],"predecessor-version":[{"id":6333,"href":"https:\/\/zola-cosmetics.com\/pl\/wp-json\/wp\/v2\/product\/5935\/revisions\/6333"}],"wp:featuredmedia":[{"embeddable":true,"href":"https:\/\/zola-cosmetics.com\/pl\/wp-json\/wp\/v2\/media\/5827"}],"wp:attachment":[{"href":"https:\/\/zola-cosmetics.com\/pl\/wp-json\/wp\/v2\/media?parent=5935"}],"wp:term":[{"taxonomy":"brand","embeddable":true,"href":"https:\/\/zola-cosmetics.com\/pl\/wp-json\/wp\/v2\/etheme_brands?post=5935"},{"taxonomy":"product_cat","embeddable":true,"href":"https:\/\/zola-cosmetics.com\/pl\/wp-json\/wp\/v2\/product_cat?post=5935"},{"taxonomy":"product_tag","embeddable":true,"href":"https:\/\/zola-cosmetics.com\/pl\/wp-json\/wp\/v2\/product_tag?post=5935"}],"curies":[{"name":"wp","href":"https:\/\/api.w.org\/{rel}","templated":true}]}}