{"id":5930,"date":"2024-06-06T09:04:22","date_gmt":"2024-06-06T09:04:22","guid":{"rendered":"https:\/\/zola-cosmetics.com\/product\/zola-eyebrow-contouring-paste-pink\/"},"modified":"2026-03-31T19:01:30","modified_gmt":"2026-03-31T19:01:30","slug":"zola-eyebrow-contouring-paste-pink","status":"publish","type":"product","link":"https:\/\/zola-cosmetics.com\/pl\/produkt\/zola-eyebrow-contouring-paste-pink\/","title":{"rendered":"ZOLA Pasta konturuj\u0105ca do brwi (R\u00f3\u017cowa)"},"content":{"rendered":"<p>Nowy produkt od Zola to niesamowita pasta do brwi w 7 jasnych odcieniach. Nowy produkt ma nast\u0119puj\u0105ce zalety: &#8211; Bezpiecznie utrwala szkic i nie rozprzestrzenia si\u0119, gwarantuj\u0105c bezb\u0142\u0119dne procedury koloryzacji. &#8211; Tekstura pasty u\u0142atwia aplikacj\u0119, pozwalaj\u0105c szybko tworzy\u0107 wyraziste i klarowne kontury brwi. &#8211; Tworzy barier\u0119 ochronn\u0105, kt\u00f3ra chroni sk\u00f3r\u0119 przed zabarwieniem niepo\u017c\u0105danych obszar\u00f3w, co przyczynia si\u0119 do perfekcyjnego rezultatu. &#8211; Posiada formu\u0142\u0119 antyalergiczn\u0105 wzbogacon\u0105 o witamin\u0119 E i keratyn\u0119 dla dodatkowej piel\u0119gnacji. &#8211; Mi\u0119kka konsystencja u\u0142atwia usuni\u0119cie nadmiaru i dopasowanie kszta\u0142tu brwi dla nieskazitelnego rezultatu. Pojemno\u015b\u0107: 15 gr.<\/p>\n","protected":false},"excerpt":{"rendered":"<p>Nowy produkt od Zola to niesamowita pasta do brwi w 7 jasnych odcieniach. Nowy produkt ma nast\u0119puj\u0105ce zalety: &#8211; Bezpiecznie&#8230;<\/p>\n","protected":false},"featured_media":5842,"template":"","meta":[],"etheme_brands":[],"product_cat":[126,179],"product_tag":[],"aioseo_notices":[],"_links":{"self":[{"href":"https:\/\/zola-cosmetics.com\/pl\/wp-json\/wp\/v2\/product\/5930"}],"collection":[{"href":"https:\/\/zola-cosmetics.com\/pl\/wp-json\/wp\/v2\/product"}],"about":[{"href":"https:\/\/zola-cosmetics.com\/pl\/wp-json\/wp\/v2\/types\/product"}],"version-history":[{"count":1,"href":"https:\/\/zola-cosmetics.com\/pl\/wp-json\/wp\/v2\/product\/5930\/revisions"}],"predecessor-version":[{"id":6329,"href":"https:\/\/zola-cosmetics.com\/pl\/wp-json\/wp\/v2\/product\/5930\/revisions\/6329"}],"wp:featuredmedia":[{"embeddable":true,"href":"https:\/\/zola-cosmetics.com\/pl\/wp-json\/wp\/v2\/media\/5842"}],"wp:attachment":[{"href":"https:\/\/zola-cosmetics.com\/pl\/wp-json\/wp\/v2\/media?parent=5930"}],"wp:term":[{"taxonomy":"brand","embeddable":true,"href":"https:\/\/zola-cosmetics.com\/pl\/wp-json\/wp\/v2\/etheme_brands?post=5930"},{"taxonomy":"product_cat","embeddable":true,"href":"https:\/\/zola-cosmetics.com\/pl\/wp-json\/wp\/v2\/product_cat?post=5930"},{"taxonomy":"product_tag","embeddable":true,"href":"https:\/\/zola-cosmetics.com\/pl\/wp-json\/wp\/v2\/product_tag?post=5930"}],"curies":[{"name":"wp","href":"https:\/\/api.w.org\/{rel}","templated":true}]}}