{"id":5925,"date":"2024-06-06T09:04:23","date_gmt":"2024-06-06T09:04:23","guid":{"rendered":"https:\/\/zola-cosmetics.com\/product\/zola-eyelash-tint-in-a-sachet-with-collagen-eyebrow-tint-with-collagen-06-blue-black-5ml\/"},"modified":"2025-07-26T08:27:43","modified_gmt":"2025-07-26T08:27:43","slug":"zola-eyelash-tint-in-a-sachet-with-collagen-eyebrow-tint-with-collagen-06-blue-black-5ml","status":"publish","type":"product","link":"https:\/\/zola-cosmetics.com\/pl\/produkt\/zola-eyelash-tint-in-a-sachet-with-collagen-eyebrow-tint-with-collagen-06-blue-black-5ml\/","title":{"rendered":"ZOLA Farba do rz\u0119s w saszetce z kolagenem Farba do Brwi z Kolagenem 06 Blue Black 5ml."},"content":{"rendered":"<p>Mamy przyjemno\u015b\u0107 og\u0142osi\u0107, \u017ce Tw\u00f3j ulubiony produkt &#8211; <\/span><\/span><\/span><strong>ZOLA Farba do Rz\u0119s<\/strong><\/span><\/span><\/span> &#8211; jest teraz dost\u0119pny w wygodnym opakowaniu 5 ml! Nowa pojemno\u015b\u0107 ma na celu zapewnienie Ci jeszcze wi\u0119kszej wygody podczas malowania rz\u0119s.<\/span><\/span><\/span><\/p>\n<p>Tusz ZOLA to niezawodny i bezpieczny produkt do koloryzacji rz\u0119s, a dzi\u0119ki swojemu unikalnemu sk\u0142adowi zapewnia piel\u0119gnacj\u0119 rz\u0119s. Kolagen wzmacnia rz\u0119sy, nadaj\u0105c im elastyczno\u015b\u0107 i po\u0142ysk. Lanolina i nawil\u017caj\u0105cy sorbitol wnika g\u0142\u0119boko w struktur\u0119 w\u0142osa, intensywnie go nawil\u017caj\u0105c. Tekstura lamelarna pozwala uzyska\u0107 wysokiej jako\u015bci odbitk\u0119, a mi\u0119kka konsystencja u\u0142atwia mieszanie i aplikacj\u0119.<\/span><\/span><\/span><\/p>\n<p>Instrukcja u\u017cytkowania pozostaje taka sama: wyci\u015bnij oko\u0142o 1 cm tuszu do naczynia plastikowego lub szklanego i dodaj t\u0119 sam\u0105 ilo\u015b\u0107 utleniacza ZOLA 1.8%. Nast\u0119pnie dok\u0142adnie wymieszaj mieszanin\u0119 a\u017c do uzyskania jednolitej konsystencji. Czas ekspozycji pozostaje taki sam &#8211; od 5 do 15 minut, w zale\u017cno\u015bci od po\u017c\u0105danego odcienia.<\/span><\/span><\/span><br \/>\nDzi\u0119ki nowemu opakowaniu 5 ml b\u0119dzie jeszcze \u0142atwiej przechowywa\u0107 i u\u017cywa\u0107 Twojego ulubionego koloru ZOLA. \u017byczymy Ci przyjemnego u\u017cytkowania i doskona\u0142ych efekt\u00f3w!<\/span><\/span><\/span><\/p>\n<p>&nbsp;<\/p>\n<p>&nbsp;<\/p>\n","protected":false},"excerpt":{"rendered":"<p>Mamy przyjemno\u015b\u0107 og\u0142osi\u0107, \u017ce Tw\u00f3j ulubiony produkt &#8211; ZOLA Farba do Rz\u0119s &#8211; jest teraz dost\u0119pny w wygodnym opakowaniu 5&#8230;<\/p>\n","protected":false},"featured_media":5857,"template":"","meta":[],"etheme_brands":[],"product_cat":[131,137,136],"product_tag":[197],"aioseo_notices":[],"_links":{"self":[{"href":"https:\/\/zola-cosmetics.com\/pl\/wp-json\/wp\/v2\/product\/5925"}],"collection":[{"href":"https:\/\/zola-cosmetics.com\/pl\/wp-json\/wp\/v2\/product"}],"about":[{"href":"https:\/\/zola-cosmetics.com\/pl\/wp-json\/wp\/v2\/types\/product"}],"version-history":[{"count":1,"href":"https:\/\/zola-cosmetics.com\/pl\/wp-json\/wp\/v2\/product\/5925\/revisions"}],"predecessor-version":[{"id":6341,"href":"https:\/\/zola-cosmetics.com\/pl\/wp-json\/wp\/v2\/product\/5925\/revisions\/6341"}],"wp:featuredmedia":[{"embeddable":true,"href":"https:\/\/zola-cosmetics.com\/pl\/wp-json\/wp\/v2\/media\/5857"}],"wp:attachment":[{"href":"https:\/\/zola-cosmetics.com\/pl\/wp-json\/wp\/v2\/media?parent=5925"}],"wp:term":[{"taxonomy":"brand","embeddable":true,"href":"https:\/\/zola-cosmetics.com\/pl\/wp-json\/wp\/v2\/etheme_brands?post=5925"},{"taxonomy":"product_cat","embeddable":true,"href":"https:\/\/zola-cosmetics.com\/pl\/wp-json\/wp\/v2\/product_cat?post=5925"},{"taxonomy":"product_tag","embeddable":true,"href":"https:\/\/zola-cosmetics.com\/pl\/wp-json\/wp\/v2\/product_tag?post=5925"}],"curies":[{"name":"wp","href":"https:\/\/api.w.org\/{rel}","templated":true}]}}