{"id":5924,"date":"2024-06-06T09:04:23","date_gmt":"2024-06-06T09:04:23","guid":{"rendered":"https:\/\/zola-cosmetics.com\/product\/zola-fixer-tonic-color-fixation100-ml\/"},"modified":"2025-07-26T08:27:43","modified_gmt":"2025-07-26T08:27:43","slug":"zola-fixer-tonic-color-fixation100-ml","status":"publish","type":"product","link":"https:\/\/zola-cosmetics.com\/pl\/produkt\/zola-fixer-tonic-color-fixation100-ml\/","title":{"rendered":"ZOLA Tonik Fixer Color Fixation 100 ml"},"content":{"rendered":"<p>Tonik pomaga utrwali\u0107 kolor po zabiegu koloryzacji i zapewnia maksymaln\u0105 trwa\u0142o\u015b\u0107. Ekstrakt z japo\u0144skiej Sophory, jedwab i hydrolizaty keratyny wzmacniaj\u0105 w\u0142osy. Pantenol ma w\u0142a\u015bciwo\u015bci nawil\u017caj\u0105ce, nadaje blask i chroni w\u0142osy przed czynnikami zewn\u0119trznymi.<\/p>\n<p>Spos\u00f3b u\u017cycia:<br \/>\nPo usuni\u0119ciu farby z brwi, przytrzymaj wacik nas\u0105czony tonikiem w kierunku wzrostu w\u0142osk\u00f3w brwi. Pozostaw na w\u0142oskach. Nie sp\u0142ukuj!<\/p>\n<p>Sk\u0142adniki: Aqua, Hydrolyzed Silk, Hydrolyzed Keratin, Hexylene Glycol, PEG-12 Dimethicone, Sophora Japonica Leaf Extract, Panthenol, Phenoxyethanol (and) Ethylhexylglycerin, Gluconolactone, Parfum, Polyquaternium-10, Lactic Acid, Cetrimonium Chloride.<\/p>\n<p>&nbsp;<\/p>\n","protected":false},"excerpt":{"rendered":"<p>Tonik pomaga utrwali\u0107 kolor po zabiegu koloryzacji i zapewnia maksymaln\u0105 trwa\u0142o\u015b\u0107. Ekstrakt z japo\u0144skiej Sophory, jedwab i hydrolizaty keratyny wzmacniaj\u0105&#8230;<\/p>\n","protected":false},"featured_media":7776,"template":"","meta":[],"etheme_brands":[],"product_cat":[126,134],"product_tag":[197],"aioseo_notices":[],"_links":{"self":[{"href":"https:\/\/zola-cosmetics.com\/pl\/wp-json\/wp\/v2\/product\/5924"}],"collection":[{"href":"https:\/\/zola-cosmetics.com\/pl\/wp-json\/wp\/v2\/product"}],"about":[{"href":"https:\/\/zola-cosmetics.com\/pl\/wp-json\/wp\/v2\/types\/product"}],"version-history":[{"count":1,"href":"https:\/\/zola-cosmetics.com\/pl\/wp-json\/wp\/v2\/product\/5924\/revisions"}],"predecessor-version":[{"id":6240,"href":"https:\/\/zola-cosmetics.com\/pl\/wp-json\/wp\/v2\/product\/5924\/revisions\/6240"}],"wp:featuredmedia":[{"embeddable":true,"href":"https:\/\/zola-cosmetics.com\/pl\/wp-json\/wp\/v2\/media\/7776"}],"wp:attachment":[{"href":"https:\/\/zola-cosmetics.com\/pl\/wp-json\/wp\/v2\/media?parent=5924"}],"wp:term":[{"taxonomy":"brand","embeddable":true,"href":"https:\/\/zola-cosmetics.com\/pl\/wp-json\/wp\/v2\/etheme_brands?post=5924"},{"taxonomy":"product_cat","embeddable":true,"href":"https:\/\/zola-cosmetics.com\/pl\/wp-json\/wp\/v2\/product_cat?post=5924"},{"taxonomy":"product_tag","embeddable":true,"href":"https:\/\/zola-cosmetics.com\/pl\/wp-json\/wp\/v2\/product_tag?post=5924"}],"curies":[{"name":"wp","href":"https:\/\/api.w.org\/{rel}","templated":true}]}}