{"id":5921,"date":"2024-06-06T09:04:23","date_gmt":"2024-06-06T09:04:23","guid":{"rendered":"https:\/\/zola-cosmetics.com\/product\/zola-holographic-bag\/"},"modified":"2025-07-26T08:27:46","modified_gmt":"2025-07-26T08:27:46","slug":"zola-holographic-bag","status":"publish","type":"product","link":"https:\/\/zola-cosmetics.com\/pl\/produkt\/zola-holographic-bag\/","title":{"rendered":"ZOLA Holograficzna torba"},"content":{"rendered":"<p>Torebka holograficzna ZOLA to kwintesencja nowoczesnego stylu i elegancji.<\/p>\n<p>Cechy:<br \/>\nSzeroko\u015b\u0107: 40 cm<br \/>\nWysoko\u015b\u0107: 40 cm<br \/>\nWysoko\u015b\u0107 uchwytu: 30 cm<\/p>\n<p>Ten ultranowoczesny dodatek doskonale komponuje si\u0119 z Twoim wygl\u0105dem i zapewnia du\u017co miejsca na przechowywanie Twoich rzeczy. Jego holograficzne wyko\u0144czenie nadaje mu unikalny i ekscytuj\u0105cy wygl\u0105d, przyci\u0105gaj\u0105c uwag\u0119 do Twojego stylu. \u0141atwo pomie\u015bci wszystkie Twoje niezb\u0119dne rzeczy, torba ZOLA b\u0119dzie wiernym towarzyszem Twoich codziennych aktywno\u015bci.<\/p>\n<p>&nbsp;<\/p>\n","protected":false},"excerpt":{"rendered":"<p>Torebka holograficzna ZOLA to kwintesencja nowoczesnego stylu i elegancji. Cechy: Szeroko\u015b\u0107: 40 cm Wysoko\u015b\u0107: 40 cm Wysoko\u015b\u0107 uchwytu: 30 cm&#8230;<\/p>\n","protected":false},"featured_media":5869,"template":"","meta":[],"etheme_brands":[],"product_cat":[152],"product_tag":[],"aioseo_notices":[],"_links":{"self":[{"href":"https:\/\/zola-cosmetics.com\/pl\/wp-json\/wp\/v2\/product\/5921"}],"collection":[{"href":"https:\/\/zola-cosmetics.com\/pl\/wp-json\/wp\/v2\/product"}],"about":[{"href":"https:\/\/zola-cosmetics.com\/pl\/wp-json\/wp\/v2\/types\/product"}],"version-history":[{"count":1,"href":"https:\/\/zola-cosmetics.com\/pl\/wp-json\/wp\/v2\/product\/5921\/revisions"}],"predecessor-version":[{"id":6332,"href":"https:\/\/zola-cosmetics.com\/pl\/wp-json\/wp\/v2\/product\/5921\/revisions\/6332"}],"wp:featuredmedia":[{"embeddable":true,"href":"https:\/\/zola-cosmetics.com\/pl\/wp-json\/wp\/v2\/media\/5869"}],"wp:attachment":[{"href":"https:\/\/zola-cosmetics.com\/pl\/wp-json\/wp\/v2\/media?parent=5921"}],"wp:term":[{"taxonomy":"brand","embeddable":true,"href":"https:\/\/zola-cosmetics.com\/pl\/wp-json\/wp\/v2\/etheme_brands?post=5921"},{"taxonomy":"product_cat","embeddable":true,"href":"https:\/\/zola-cosmetics.com\/pl\/wp-json\/wp\/v2\/product_cat?post=5921"},{"taxonomy":"product_tag","embeddable":true,"href":"https:\/\/zola-cosmetics.com\/pl\/wp-json\/wp\/v2\/product_tag?post=5921"}],"curies":[{"name":"wp","href":"https:\/\/api.w.org\/{rel}","templated":true}]}}