{"id":5917,"date":"2024-06-06T09:04:24","date_gmt":"2024-06-06T09:04:24","guid":{"rendered":"https:\/\/zola-cosmetics.com\/product\/zola-plastic-liquid-container-with-pump-dispenser-transparent\/"},"modified":"2026-03-06T10:24:48","modified_gmt":"2026-03-06T10:24:48","slug":"zola-plastic-liquid-container-with-pump-dispenser-transparent","status":"publish","type":"product","link":"https:\/\/zola-cosmetics.com\/pl\/produkt\/zola-plastic-liquid-container-with-pump-dispenser-transparent\/","title":{"rendered":"ZOLA Plastikowy pojemnik na p\u0142yn z dozownikiem (Przezroczysty)"},"content":{"rendered":"<p>Butelka ZOLA to uniwersalny pomocnik dla profesjonalist\u00f3w bran\u017cy kosmetycznej. Obj\u0119to\u015b\u0107 wynosi 180 ml, z pompk\u0105. Stosuj do wody, zmywacza, odwadniacza. Chroni przed przepe\u0142nieniem, \u0142atwa w u\u017cyciu &#8211; jeden klik i p\u0142yn jest gotowy. Oszcz\u0119dzaj czas w pracy.<\/p>\n","protected":false},"excerpt":{"rendered":"<p>Butelka ZOLA to uniwersalny pomocnik dla profesjonalist\u00f3w bran\u017cy kosmetycznej. Obj\u0119to\u015b\u0107 wynosi 180 ml, z pompk\u0105. Stosuj do wody, zmywacza, odwadniacza&#8230;.<\/p>\n","protected":false},"featured_media":5881,"template":"","meta":[],"etheme_brands":[],"product_cat":[152],"product_tag":[],"aioseo_notices":[],"_links":{"self":[{"href":"https:\/\/zola-cosmetics.com\/pl\/wp-json\/wp\/v2\/product\/5917"}],"collection":[{"href":"https:\/\/zola-cosmetics.com\/pl\/wp-json\/wp\/v2\/product"}],"about":[{"href":"https:\/\/zola-cosmetics.com\/pl\/wp-json\/wp\/v2\/types\/product"}],"version-history":[{"count":1,"href":"https:\/\/zola-cosmetics.com\/pl\/wp-json\/wp\/v2\/product\/5917\/revisions"}],"predecessor-version":[{"id":6324,"href":"https:\/\/zola-cosmetics.com\/pl\/wp-json\/wp\/v2\/product\/5917\/revisions\/6324"}],"wp:featuredmedia":[{"embeddable":true,"href":"https:\/\/zola-cosmetics.com\/pl\/wp-json\/wp\/v2\/media\/5881"}],"wp:attachment":[{"href":"https:\/\/zola-cosmetics.com\/pl\/wp-json\/wp\/v2\/media?parent=5917"}],"wp:term":[{"taxonomy":"brand","embeddable":true,"href":"https:\/\/zola-cosmetics.com\/pl\/wp-json\/wp\/v2\/etheme_brands?post=5917"},{"taxonomy":"product_cat","embeddable":true,"href":"https:\/\/zola-cosmetics.com\/pl\/wp-json\/wp\/v2\/product_cat?post=5917"},{"taxonomy":"product_tag","embeddable":true,"href":"https:\/\/zola-cosmetics.com\/pl\/wp-json\/wp\/v2\/product_tag?post=5917"}],"curies":[{"name":"wp","href":"https:\/\/api.w.org\/{rel}","templated":true}]}}