{"id":5916,"date":"2024-06-06T09:04:24","date_gmt":"2024-06-06T09:04:24","guid":{"rendered":"https:\/\/zola-cosmetics.com\/product\/zola-silicone-mixing-pad-black\/"},"modified":"2025-07-26T08:27:43","modified_gmt":"2025-07-26T08:27:43","slug":"zola-silicone-mixing-pad-black","status":"publish","type":"product","link":"https:\/\/zola-cosmetics.com\/pl\/produkt\/zola-silicone-mixing-pad-black\/","title":{"rendered":"ZOLA Silikonowa mata do mieszania (Czarna)"},"content":{"rendered":"<p>Poznaj Zola Texture Mixing Pad &#8211; now\u0105 palet\u0119 dla technik\u00f3w paznokci, kt\u00f3ra \u0142\u0105czy estetyk\u0119 i funkcjonalno\u015b\u0107!<br \/>\nDlaczego Texture Mixing Pad jest Twoim najlepszym towarzyszem?<\/p>\n<ul>\n<li>Ergonomiczny design dla profesjonalist\u00f3w: Specjalnie zaprojektowana dla profesjonalist\u00f3w paleta posiada 12 okr\u0105g\u0142ych zag\u0142\u0119bie\u0144 o r\u00f3\u017cnych rozmiarach, aby zapewni\u0107 wygodne i efektywne mieszanie produkt\u00f3w kosmetycznych.<\/li>\n<li>Funkcjonalno\u015b\u0107 na 100%: Texture Mixing Pad to najlepsze praktyczne narz\u0119dzie do mieszania tekstur i odcieni, poniewa\u017c nadaje si\u0119 do wszystkich rodzaj\u00f3w produkt\u00f3w kosmetycznych &#8211; od \u017celi po proszki.<\/li>\n<li>Jako\u015b\u0107 i niezawodno\u015b\u0107 profesjonalnej klasy: Wykonana z wysokiej jako\u015bci materia\u0142\u00f3w paleta gwarantuje trwa\u0142o\u015b\u0107 i niezawodno\u015b\u0107 we wszystkich warunkach u\u017cytkowania.<\/li>\n<li>Wygodne: Trzy specjalne sloty na p\u0119dzle pozwalaj\u0105 umie\u015bci\u0107 ulubione narz\u0119dzia tak, aby zawsze by\u0142y pod r\u0119k\u0105 i nie zabrudza\u0142y miejsca pracy.<\/li>\n<li>Stylowy wygl\u0105d: Nowoczesny i modny design \u0142\u0105czy w sobie praktyczno\u015b\u0107 i elegancj\u0119, tworz\u0105c doskona\u0142\u0105 atmosfer\u0119 do tw\u00f3rczej pracy.<\/li>\n<\/ul>\n<p>Do\u015bwiadcz prawdziwej si\u0142y kreatywno\u015bci dzi\u0119ki Texture Mixing Pad &#8211; Twojemu kluczowi do nieograniczonych mo\u017cliwo\u015bci i mistrzostwa!<\/p>\n","protected":false},"excerpt":{"rendered":"<p>Poznaj Zola Texture Mixing Pad &#8211; now\u0105 palet\u0119 dla technik\u00f3w paznokci, kt\u00f3ra \u0142\u0105czy estetyk\u0119 i funkcjonalno\u015b\u0107! Dlaczego Texture Mixing Pad&#8230;<\/p>\n","protected":false},"featured_media":5884,"template":"","meta":[],"etheme_brands":[],"product_cat":[152],"product_tag":[],"aioseo_notices":[],"_links":{"self":[{"href":"https:\/\/zola-cosmetics.com\/pl\/wp-json\/wp\/v2\/product\/5916"}],"collection":[{"href":"https:\/\/zola-cosmetics.com\/pl\/wp-json\/wp\/v2\/product"}],"about":[{"href":"https:\/\/zola-cosmetics.com\/pl\/wp-json\/wp\/v2\/types\/product"}],"version-history":[{"count":1,"href":"https:\/\/zola-cosmetics.com\/pl\/wp-json\/wp\/v2\/product\/5916\/revisions"}],"predecessor-version":[{"id":6338,"href":"https:\/\/zola-cosmetics.com\/pl\/wp-json\/wp\/v2\/product\/5916\/revisions\/6338"}],"wp:featuredmedia":[{"embeddable":true,"href":"https:\/\/zola-cosmetics.com\/pl\/wp-json\/wp\/v2\/media\/5884"}],"wp:attachment":[{"href":"https:\/\/zola-cosmetics.com\/pl\/wp-json\/wp\/v2\/media?parent=5916"}],"wp:term":[{"taxonomy":"brand","embeddable":true,"href":"https:\/\/zola-cosmetics.com\/pl\/wp-json\/wp\/v2\/etheme_brands?post=5916"},{"taxonomy":"product_cat","embeddable":true,"href":"https:\/\/zola-cosmetics.com\/pl\/wp-json\/wp\/v2\/product_cat?post=5916"},{"taxonomy":"product_tag","embeddable":true,"href":"https:\/\/zola-cosmetics.com\/pl\/wp-json\/wp\/v2\/product_tag?post=5916"}],"curies":[{"name":"wp","href":"https:\/\/api.w.org\/{rel}","templated":true}]}}