{"id":5915,"date":"2024-06-06T09:06:24","date_gmt":"2024-06-06T09:06:24","guid":{"rendered":"https:\/\/zola-cosmetics.com\/product\/zola-silicone-mixing-pad-multicolored\/"},"modified":"2025-12-09T18:03:55","modified_gmt":"2025-12-09T18:03:55","slug":"zola-silicone-mixing-pad-multicolored","status":"publish","type":"product","link":"https:\/\/zola-cosmetics.com\/pl\/produkt\/zola-silicone-mixing-pad-multicolored\/","title":{"rendered":"ZOLA Silikonowa mata do mieszania (Wielokolorowa)"},"content":{"rendered":"<p data-path-to-node=\"7\">Odkryj Zola Texture Mixing Pad \u2013 rewolucyjn\u0105 palet\u0119 do mieszania, kt\u00f3ra perfekcyjnie \u0142\u0105czy estetyk\u0119 i funkcjonalno\u015b\u0107!<\/p>\n<p data-path-to-node=\"8\">Dlaczego Texture Mixing Pad to Tw\u00f3j niezb\u0119dny partner w pracy?<\/p>\n<ul data-path-to-node=\"9\">\n<li>\n<p data-path-to-node=\"9,0,0\">Ergonomia na Poziomie Pro: Zaprojektowana z my\u015bl\u0105 o profesjonalistach, paleta oferuje 12 okr\u0105g\u0142ych kom\u00f3r o zr\u00f3\u017cnicowanych rozmiarach. Zapewnia to komfortowe i wysoce efektywne mieszanie Twoich produkt\u00f3w kosmetycznych.<\/p>\n<\/li>\n<li>\n<p data-path-to-node=\"9,1,0\">100% Wszechstronno\u015bci: Texture Mixing Pad to niezast\u0105pione narz\u0119dzie do \u0142\u0105czenia tekstur i pigment\u00f3w. Idealnie nadaje si\u0119 do wszystkich rodzaj\u00f3w produkt\u00f3w \u2013 od delikatnych proszk\u00f3w, a\u017c po g\u0119ste \u017cele i kremy.<\/p>\n<\/li>\n<li>\n<p data-path-to-node=\"9,2,0\">Profesjonalna Jako\u015b\u0107 i Trwa\u0142o\u015b\u0107: Wykonana z najwy\u017cszej jako\u015bci materia\u0142\u00f3w, paleta gwarantuje wyj\u0105tkow\u0105 trwa\u0142o\u015b\u0107 i niezawodno\u015b\u0107 w ka\u017cdych warunkach u\u017cytkowania, stanowi\u0105c inwestycj\u0119 na lata.<\/p>\n<\/li>\n<li>\n<p data-path-to-node=\"9,3,0\">Praktyczne Rozwi\u0105zania dla Organizacji: Trzy dedykowane uchwyty na p\u0119dzle pozwalaj\u0105 utrzyma\u0107 ulubione narz\u0119dzia w idealnym porz\u0105dku, zapewniaj\u0105c, \u017ce zawsze s\u0105 pod r\u0119k\u0105 i nie zanieczyszczaj\u0105 przestrzeni roboczej.<\/p>\n<\/li>\n<li>\n<p data-path-to-node=\"9,4,0\">Wyrafinowany Design: Nowoczesny, modny wygl\u0105d \u0142\u0105czy w sobie praktyczno\u015b\u0107 i elegancj\u0119, tworz\u0105c idealn\u0105 atmosfer\u0119, kt\u00f3ra\u00a0inspiruje do kreatywnej pracy.<\/p>\n<\/li>\n<\/ul>\n<p data-path-to-node=\"10\">Uwolnij prawdziw\u0105 moc swojej kreatywno\u015bci! Texture Mixing Pad to Tw\u00f3j klucz do mistrzostwa i nieograniczonych mo\u017cliwo\u015bci w makija\u017cu i stylizacji.<\/p>\n","protected":false},"excerpt":{"rendered":"<p>Odkryj Zola Texture Mixing Pad \u2013 rewolucyjn\u0105 palet\u0119 do mieszania, kt\u00f3ra perfekcyjnie \u0142\u0105czy estetyk\u0119 i funkcjonalno\u015b\u0107! Dlaczego Texture Mixing Pad&#8230;<\/p>\n","protected":false},"featured_media":5893,"template":"","meta":[],"etheme_brands":[],"product_cat":[152],"product_tag":[],"aioseo_notices":[],"_links":{"self":[{"href":"https:\/\/zola-cosmetics.com\/pl\/wp-json\/wp\/v2\/product\/5915"}],"collection":[{"href":"https:\/\/zola-cosmetics.com\/pl\/wp-json\/wp\/v2\/product"}],"about":[{"href":"https:\/\/zola-cosmetics.com\/pl\/wp-json\/wp\/v2\/types\/product"}],"version-history":[{"count":2,"href":"https:\/\/zola-cosmetics.com\/pl\/wp-json\/wp\/v2\/product\/5915\/revisions"}],"predecessor-version":[{"id":8345,"href":"https:\/\/zola-cosmetics.com\/pl\/wp-json\/wp\/v2\/product\/5915\/revisions\/8345"}],"wp:featuredmedia":[{"embeddable":true,"href":"https:\/\/zola-cosmetics.com\/pl\/wp-json\/wp\/v2\/media\/5893"}],"wp:attachment":[{"href":"https:\/\/zola-cosmetics.com\/pl\/wp-json\/wp\/v2\/media?parent=5915"}],"wp:term":[{"taxonomy":"brand","embeddable":true,"href":"https:\/\/zola-cosmetics.com\/pl\/wp-json\/wp\/v2\/etheme_brands?post=5915"},{"taxonomy":"product_cat","embeddable":true,"href":"https:\/\/zola-cosmetics.com\/pl\/wp-json\/wp\/v2\/product_cat?post=5915"},{"taxonomy":"product_tag","embeddable":true,"href":"https:\/\/zola-cosmetics.com\/pl\/wp-json\/wp\/v2\/product_tag?post=5915"}],"curies":[{"name":"wp","href":"https:\/\/api.w.org\/{rel}","templated":true}]}}