{"id":5914,"date":"2024-06-06T09:06:25","date_gmt":"2024-06-06T09:06:25","guid":{"rendered":"https:\/\/zola-cosmetics.com\/product\/zola-super-soft-brown-glitter-drop-sponge\/"},"modified":"2025-07-26T08:27:42","modified_gmt":"2025-07-26T08:27:42","slug":"zola-super-soft-brown-glitter-drop-sponge","status":"publish","type":"product","link":"https:\/\/zola-cosmetics.com\/pl\/produkt\/zola-super-soft-brown-glitter-drop-sponge\/","title":{"rendered":"ZOLA Bardzo mi\u0119kka g\u0105bka z brokatem w kszta\u0142cie kropli (Br\u0105zowa)"},"content":{"rendered":"<p>Super mi\u0119kka g\u0105bka w kszta\u0142cie kropli wykonana z wysokiej jako\u015bci lateksu, kt\u00f3ry jest hipoalergiczny, trwa\u0142y i d\u0142ugotrwa\u0142y. Dzi\u0119ki szerokiej stronie \u0142atwo rozprowadzisz podk\u0142ad na ca\u0142ej powierzchni twarzy, a dzi\u0119ki zaostrzonemu ko\u0144cowi mo\u017cesz pracowa\u0107 na ma\u0142ych obszarach.<\/p>\n","protected":false},"excerpt":{"rendered":"<p>Super mi\u0119kka g\u0105bka w kszta\u0142cie kropli wykonana z wysokiej jako\u015bci lateksu, kt\u00f3ry jest hipoalergiczny, trwa\u0142y i d\u0142ugotrwa\u0142y. Dzi\u0119ki szerokiej stronie&#8230;<\/p>\n","protected":false},"featured_media":5896,"template":"","meta":[],"etheme_brands":[],"product_cat":[147,141],"product_tag":[],"aioseo_notices":[],"_links":{"self":[{"href":"https:\/\/zola-cosmetics.com\/pl\/wp-json\/wp\/v2\/product\/5914"}],"collection":[{"href":"https:\/\/zola-cosmetics.com\/pl\/wp-json\/wp\/v2\/product"}],"about":[{"href":"https:\/\/zola-cosmetics.com\/pl\/wp-json\/wp\/v2\/types\/product"}],"version-history":[{"count":1,"href":"https:\/\/zola-cosmetics.com\/pl\/wp-json\/wp\/v2\/product\/5914\/revisions"}],"predecessor-version":[{"id":6201,"href":"https:\/\/zola-cosmetics.com\/pl\/wp-json\/wp\/v2\/product\/5914\/revisions\/6201"}],"wp:featuredmedia":[{"embeddable":true,"href":"https:\/\/zola-cosmetics.com\/pl\/wp-json\/wp\/v2\/media\/5896"}],"wp:attachment":[{"href":"https:\/\/zola-cosmetics.com\/pl\/wp-json\/wp\/v2\/media?parent=5914"}],"wp:term":[{"taxonomy":"brand","embeddable":true,"href":"https:\/\/zola-cosmetics.com\/pl\/wp-json\/wp\/v2\/etheme_brands?post=5914"},{"taxonomy":"product_cat","embeddable":true,"href":"https:\/\/zola-cosmetics.com\/pl\/wp-json\/wp\/v2\/product_cat?post=5914"},{"taxonomy":"product_tag","embeddable":true,"href":"https:\/\/zola-cosmetics.com\/pl\/wp-json\/wp\/v2\/product_tag?post=5914"}],"curies":[{"name":"wp","href":"https:\/\/api.w.org\/{rel}","templated":true}]}}