{"id":5910,"date":"2024-06-06T09:06:25","date_gmt":"2024-06-06T09:06:25","guid":{"rendered":"https:\/\/zola-cosmetics.com\/product\/zola-x-romashka-fixing-ceramide-concentrate-in-sachet-1-5-ml-x-10-pcs\/"},"modified":"2026-01-23T18:37:17","modified_gmt":"2026-01-23T18:37:17","slug":"zola-x-romashka-fixing-ceramide-concentrate-in-sachet-1-5-ml-x-10-pcs","status":"publish","type":"product","link":"https:\/\/zola-cosmetics.com\/pl\/produkt\/zola-x-romashka-fixing-ceramide-concentrate-in-sachet-1-5-ml-x-10-pcs\/","title":{"rendered":"ZOLA x Romashka Fixing Ceramide Concentrate w saszetce 1,5 ml. x 10 szt."},"content":{"rendered":"<p>Ten wyj\u0105tkowy produkt zosta\u0142 opracowany z my\u015bl\u0105 o zapewnieniu perfekcyjnego utrwalenia, szybkiego wch\u0142aniania oraz delikatnej piel\u0119gnacji w\u0142osk\u00f3w jednocze\u015bnie. Jego innowacyjna formu\u0142a zawiera: <\/p>\n<ul>\n<li>Kompleks naturalnych polisacharyd\u00f3w, kt\u00f3ry zapewnia d\u0142ugotrwa\u0142e utrwalenie bez efektu niesfornych, odstaj\u0105cych w\u0142osk\u00f3w.<\/li>\n<li>Hydrolizat keratyny, kt\u00f3ry odbudowuje uszkodzon\u0105 struktur\u0119 w\u0142osa.<\/li>\n<li>Hydrolizowany kolagen morski, kt\u00f3ry intensywnie nawil\u017ca i od\u017cywia, nadaj\u0105c w\u0142oskom naturaln\u0105 elastyczno\u015b\u0107.<\/li>\n<li>Ceramidy A2, kt\u00f3re chroni\u0105 w\u0142oski przed agresywnym dzia\u0142aniem czynnik\u00f3w \u015brodowiskowych.<\/li>\n<li>Lekka formu\u0142a szybko si\u0119 wch\u0142ania i nie pozostawia t\u0142ustego filmu.<\/li>\n<\/ul>\n<p>&nbsp;<\/p>\n","protected":false},"excerpt":{"rendered":"<p>Ten wyj\u0105tkowy produkt zosta\u0142 opracowany z my\u015bl\u0105 o zapewnieniu perfekcyjnego utrwalenia, szybkiego wch\u0142aniania oraz delikatnej piel\u0119gnacji w\u0142osk\u00f3w jednocze\u015bnie. Jego innowacyjna&#8230;<\/p>\n","protected":false},"featured_media":5908,"template":"","meta":[],"etheme_brands":[],"product_cat":[126,123,172,171,135,136],"product_tag":[],"aioseo_notices":[],"_links":{"self":[{"href":"https:\/\/zola-cosmetics.com\/pl\/wp-json\/wp\/v2\/product\/5910"}],"collection":[{"href":"https:\/\/zola-cosmetics.com\/pl\/wp-json\/wp\/v2\/product"}],"about":[{"href":"https:\/\/zola-cosmetics.com\/pl\/wp-json\/wp\/v2\/types\/product"}],"version-history":[{"count":1,"href":"https:\/\/zola-cosmetics.com\/pl\/wp-json\/wp\/v2\/product\/5910\/revisions"}],"predecessor-version":[{"id":8446,"href":"https:\/\/zola-cosmetics.com\/pl\/wp-json\/wp\/v2\/product\/5910\/revisions\/8446"}],"wp:featuredmedia":[{"embeddable":true,"href":"https:\/\/zola-cosmetics.com\/pl\/wp-json\/wp\/v2\/media\/5908"}],"wp:attachment":[{"href":"https:\/\/zola-cosmetics.com\/pl\/wp-json\/wp\/v2\/media?parent=5910"}],"wp:term":[{"taxonomy":"brand","embeddable":true,"href":"https:\/\/zola-cosmetics.com\/pl\/wp-json\/wp\/v2\/etheme_brands?post=5910"},{"taxonomy":"product_cat","embeddable":true,"href":"https:\/\/zola-cosmetics.com\/pl\/wp-json\/wp\/v2\/product_cat?post=5910"},{"taxonomy":"product_tag","embeddable":true,"href":"https:\/\/zola-cosmetics.com\/pl\/wp-json\/wp\/v2\/product_tag?post=5910"}],"curies":[{"name":"wp","href":"https:\/\/api.w.org\/{rel}","templated":true}]}}