{"id":6416,"date":"2024-01-28T09:23:34","date_gmt":"2024-01-28T09:23:34","guid":{"rendered":"https:\/\/zola-cosmetics.com\/platnosc-i-dostawa\/"},"modified":"2024-07-16T08:55:43","modified_gmt":"2024-07-16T08:55:43","slug":"platnosc-i-dostawa","status":"publish","type":"page","link":"https:\/\/zola-cosmetics.com\/pl\/platnosc-i-dostawa\/","title":{"rendered":"P\u0142atno\u015b\u0107 i dostawa"},"content":{"rendered":"<h3><strong>Informacje dotycz\u0105ce p\u0142atno\u015bci i dostawy<\/strong><\/h3>\n<p><strong>Kto realizuje wysy\u0142k\u0119:<\/strong> ZOLA EU Sp. z o.o.<\/p>\n<p><strong>Opcje dostawy w Polsce:<\/strong><br \/>\n&#8211; Kurier InPost: 24 z\u0142<br \/>\n&#8211; Kurier InPost za pobraniem: 28 z\u0142 (p\u0142atno\u015b\u0107 przy odbiorze)<br \/>\n&#8211; Paczkomat InPost: 22 z\u0142 (odbior w automacie paczkowym)<br \/>\n&#8211; Kurier DPD: 26 z\u0142<br \/>\n&#8211; Kurier DPD za pobraniem: 28 z\u0142 (p\u0142atno\u015b\u0107 przy odbiorze)<\/p>\n<p><strong>Dostawa mi\u0119dzynarodowa:<\/strong><br \/>\n&#8211; Koszt rozpoczyna si\u0119 od 30 euro i jest kalkulowany w koszyku w zale\u017cno\u015bci od kraju odbiorcy.<\/p>\n<p><strong>Metody p\u0142atno\u015bci:<\/strong><br \/>\n&#8211; P\u0142atno\u015bci mo\u017cna dokona\u0107 za pomoc\u0105 karty debetowej\/kredytowej lub poprzez serwis Przelewy24.<\/p>\n<p><strong>Czas przetwarzania i wysy\u0142ki zam\u00f3wie\u0144:<\/strong><br \/>\n&#8211; Zam\u00f3wienia s\u0105 przetwarzane i wysy\u0142ane w ci\u0105gu 3 dni roboczych.<\/p>\n<p>Aby uzyska\u0107 wi\u0119cej informacji na temat naszych zasad wysy\u0142ki i stawek za wysy\u0142k\u0119 mi\u0119dzynarodow\u0105, przejd\u017a do kasy, gdzie mo\u017cesz zobaczy\u0107 obliczone koszty na podstawie adresu dostawy.<\/p>\n<p>Dzi\u0119kujemy za wybranie ZOLA Cosmetics, gdzie staramy si\u0119 dostarcza\u0107 doskona\u0142o\u015b\u0107 i jako\u015b\u0107 przy ka\u017cdym zam\u00f3wieniu.<\/p>\n","protected":false},"excerpt":{"rendered":"<p>Informacje dotycz\u0105ce p\u0142atno\u015bci i dostawy Kto realizuje wysy\u0142k\u0119: ZOLA EU Sp. z o.o. Opcje dostawy w Polsce: &#8211; Kurier InPost:&#8230;<\/p>\n","protected":false},"author":1,"featured_media":0,"parent":0,"menu_order":0,"comment_status":"closed","ping_status":"closed","template":"","meta":{"footnotes":""},"aioseo_notices":[],"_links":{"self":[{"href":"https:\/\/zola-cosmetics.com\/pl\/wp-json\/wp\/v2\/pages\/6416"}],"collection":[{"href":"https:\/\/zola-cosmetics.com\/pl\/wp-json\/wp\/v2\/pages"}],"about":[{"href":"https:\/\/zola-cosmetics.com\/pl\/wp-json\/wp\/v2\/types\/page"}],"author":[{"embeddable":true,"href":"https:\/\/zola-cosmetics.com\/pl\/wp-json\/wp\/v2\/users\/1"}],"replies":[{"embeddable":true,"href":"https:\/\/zola-cosmetics.com\/pl\/wp-json\/wp\/v2\/comments?post=6416"}],"version-history":[{"count":1,"href":"https:\/\/zola-cosmetics.com\/pl\/wp-json\/wp\/v2\/pages\/6416\/revisions"}],"predecessor-version":[{"id":6475,"href":"https:\/\/zola-cosmetics.com\/pl\/wp-json\/wp\/v2\/pages\/6416\/revisions\/6475"}],"wp:attachment":[{"href":"https:\/\/zola-cosmetics.com\/pl\/wp-json\/wp\/v2\/media?parent=6416"}],"curies":[{"name":"wp","href":"https:\/\/api.w.org\/{rel}","templated":true}]}}