{"id":6391,"date":"2020-12-05T14:09:39","date_gmt":"2020-12-05T14:09:39","guid":{"rendered":"https:\/\/zola-cosmetics.com\/o-nas\/"},"modified":"2024-08-06T12:38:26","modified_gmt":"2024-08-06T12:38:26","slug":"o-nas","status":"publish","type":"page","link":"https:\/\/zola-cosmetics.com\/pl\/o-nas\/","title":{"rendered":"O nas"},"content":{"rendered":"\t\t<div data-elementor-type=\"wp-page\" data-elementor-id=\"6391\" class=\"elementor elementor-6391 elementor-211\" data-elementor-post-type=\"page\">\n\t\t\t\t<div class=\"elementor-element elementor-element-0274f0e e-con-full e-flex e-con e-parent\" data-id=\"0274f0e\" data-element_type=\"container\">\n\t\t\t\t<div class=\"elementor-element elementor-element-7a56299 elementor-widget elementor-widget-image\" data-id=\"7a56299\" data-element_type=\"widget\" data-widget_type=\"image.default\">\n\t\t\t\t<div class=\"elementor-widget-container\">\n\t\t\t\t\t\t\t\t\t\t\t\t\t\t\t<img loading=\"lazy\" loading=\"lazy\" decoding=\"async\" width=\"1792\" height=\"777\" src=\"https:\/\/zola-cosmetics.com\/wp-content\/uploads\/2024\/02\/group-3376-kopija-2.png\" class=\"attachment-full size-full wp-image-5421\" alt=\"\" srcset=\"https:\/\/zola-cosmetics.com\/wp-content\/uploads\/2024\/02\/group-3376-kopija-2.png 1792w, https:\/\/zola-cosmetics.com\/wp-content\/uploads\/2024\/02\/group-3376-kopija-2-300x130.png 300w, https:\/\/zola-cosmetics.com\/wp-content\/uploads\/2024\/02\/group-3376-kopija-2-1024x444.png 1024w, https:\/\/zola-cosmetics.com\/wp-content\/uploads\/2024\/02\/group-3376-kopija-2-768x333.png 768w, https:\/\/zola-cosmetics.com\/wp-content\/uploads\/2024\/02\/group-3376-kopija-2-1536x666.png 1536w, https:\/\/zola-cosmetics.com\/wp-content\/uploads\/2024\/02\/group-3376-kopija-2-600x260.png 600w, https:\/\/zola-cosmetics.com\/wp-content\/uploads\/2024\/02\/group-3376-kopija-2-10x4.png 10w\" sizes=\"(max-width: 1792px) 100vw, 1792px\" \/>\t\t\t\t\t\t\t\t\t\t\t\t\t\t\t<\/div>\n\t\t\t\t<\/div>\n\t\t\t\t<\/div>\n\t\t<div class=\"elementor-element elementor-element-bbb2f6a e-flex e-con-boxed e-con e-parent\" data-id=\"bbb2f6a\" data-element_type=\"container\">\n\t\t\t\t\t<div class=\"e-con-inner\">\n\t\t\t\t<div class=\"elementor-element elementor-element-1f0fba6 elementor-widget elementor-widget-etheme_animated_headline\" data-id=\"1f0fba6\" data-element_type=\"widget\" data-settings=\"{&quot;shape&quot;:&quot;curly&quot;,&quot;text_style&quot;:&quot;highlight&quot;,&quot;loop&quot;:&quot;yes&quot;,&quot;duration&quot;:{&quot;unit&quot;:&quot;px&quot;,&quot;size&quot;:&quot;&quot;,&quot;sizes&quot;:[]}}\" data-widget_type=\"etheme_animated_headline.default\">\n\t\t\t\t<div class=\"elementor-widget-container\">\n\t\t\t\t\t        \r\n        <div class=\"etheme-headline-wrapper\">\r\n            <h2 class=\"etheme-headline\" data-style=\"highlight\">\r\n\t\t                        <span class=\"etheme-headline-text-wrapper\">\r\n                \r\n\t\t        ZOLA Cosmetics: Droga do profesjonalnego pi\u0119kna<svg xmlns=\"http:\/\/www.w3.org\/2000\/svg\" viewBox=\"0 0 500 150\" preserveAspectRatio=\"none\"><path d=\"M5 146.575C5 146.575 44.2779 116.935 75.4221 117.006C106.397 117.078 114.378 146.794 145.352 146.575C175.818 146.36 193.202 117.497 223.663 117.006C255.312 116.496 254.05 146.789 285.704 146.575C316.847 146.365 334.84 117.006 365.985 117.006C397.129 117.006 395.406 146.867 426.548 146.575C457.013 146.29 495 117.006 495 117.006\"><\/path><\/svg>                \r\n                <\/span>\r\n                            <\/h2>\r\n        <\/div>\r\n        \r\n\t\t\t\t\t\t<\/div>\n\t\t\t\t<\/div>\n\t\t\t\t<div class=\"elementor-element elementor-element-b5def42 elementor-widget elementor-widget-text-editor\" data-id=\"b5def42\" data-element_type=\"widget\" data-widget_type=\"text-editor.default\">\n\t\t\t\t<div class=\"elementor-widget-container\">\n\t\t\t\t\t\t\t\t\t<ul>\n<li>Witamy w <strong>ZOLA Cosmetics<\/strong>, cenionej marce wprowadzonej na rynek w 2018 roku przez utalentowan\u0105 artystk\u0119 brwi i ekspertk\u0119 od makija\u017cu, Tatian\u0119 Zolotashko. Specjalizuj\u0105c si\u0119 w wysokiej jako\u015bci produktach przeznaczonych do brwi, rz\u0119s i makija\u017cu, ZOLA d\u0105\u017cy do zwi\u0119kszenia profesjonalnych mo\u017cliwo\u015bci ekspert\u00f3w w dziedzinie urody w ca\u0142ej Europie i poza ni\u0105. Nasze produkty s\u0105 starannie wykonane, aby po\u0142\u0105czy\u0107 najnowocze\u015bniejsz\u0105 technologi\u0119 z najwy\u017csz\u0105 jako\u015bci\u0105 i eleganckim wzornictwem, zapewniaj\u0105c najwy\u017csz\u0105 wydajno\u015b\u0107 w ka\u017cdym zastosowaniu.<\/li>\n<li>W ZOLA wierzymy w udost\u0119pnianie profesjonalnych kosmetyk\u00f3w. Nasza oficjalna strona internetowa s\u0142u\u017cy jako centrum dla profesjonalist\u00f3w i entuzjast\u00f3w urody, oferuj\u0105c szerok\u0105 gam\u0119 produkt\u00f3w zaspokajaj\u0105cych r\u00f3\u017cnorodne potrzeby kosmetyczne. Ka\u017cdy element naszej kolekcji jest opracowywany i osobi\u015bcie wybierany przez Tatian\u0119 Zolotashko, gwarantuj\u0105c doskona\u0142o\u015b\u0107 i skuteczno\u015b\u0107.<\/li>\n<li>Wybierz ZOLA Cosmetics do swojej rutyny piel\u0119gnacyjnej i poznaj produkty, kt\u00f3re s\u0105 zar\u00f3wno hipoalergiczne, jak i wolne od okrucie\u0144stwa, uciele\u015bniaj\u0105c prawdziwego ducha etycznych standard\u00f3w pi\u0119kna. Odwied\u017a nasz sklep internetowy ju\u017c dzi\u015b, aby dowiedzie\u0107 si\u0119, jak ZOLA mo\u017ce zmieni\u0107 Twoj\u0105 profesjonaln\u0105 praktyk\u0119 lub codzienn\u0105 piel\u0119gnacj\u0119 dzi\u0119ki produktom zaprojektowanym dla i przez profesjonalist\u00f3w.<\/li>\n<\/ul>\n\t\t\t\t\t\t\t\t<\/div>\n\t\t\t\t<\/div>\n\t\t\t\t\t<\/div>\n\t\t\t\t<\/div>\n\t\t\t\t<\/div>\n\t\t","protected":false},"excerpt":{"rendered":"<p>ZOLA Cosmetics: Droga do profesjonalnego pi\u0119kna Witamy w ZOLA Cosmetics, cenionej marce wprowadzonej na rynek w 2018 roku przez utalentowan\u0105&#8230;<\/p>\n","protected":false},"author":1,"featured_media":0,"parent":0,"menu_order":0,"comment_status":"closed","ping_status":"closed","template":"","meta":{"footnotes":""},"aioseo_notices":[],"_links":{"self":[{"href":"https:\/\/zola-cosmetics.com\/pl\/wp-json\/wp\/v2\/pages\/6391"}],"collection":[{"href":"https:\/\/zola-cosmetics.com\/pl\/wp-json\/wp\/v2\/pages"}],"about":[{"href":"https:\/\/zola-cosmetics.com\/pl\/wp-json\/wp\/v2\/types\/page"}],"author":[{"embeddable":true,"href":"https:\/\/zola-cosmetics.com\/pl\/wp-json\/wp\/v2\/users\/1"}],"replies":[{"embeddable":true,"href":"https:\/\/zola-cosmetics.com\/pl\/wp-json\/wp\/v2\/comments?post=6391"}],"version-history":[{"count":1,"href":"https:\/\/zola-cosmetics.com\/pl\/wp-json\/wp\/v2\/pages\/6391\/revisions"}],"predecessor-version":[{"id":6599,"href":"https:\/\/zola-cosmetics.com\/pl\/wp-json\/wp\/v2\/pages\/6391\/revisions\/6599"}],"wp:attachment":[{"href":"https:\/\/zola-cosmetics.com\/pl\/wp-json\/wp\/v2\/media?parent=6391"}],"curies":[{"name":"wp","href":"https:\/\/api.w.org\/{rel}","templated":true}]}}